{"id":443,"date":"2026-03-02T11:45:21","date_gmt":"2026-03-02T11:45:21","guid":{"rendered":"https:\/\/undeterred.eu\/?page_id=443"},"modified":"2026-04-08T19:50:29","modified_gmt":"2026-04-08T19:50:29","slug":"impact-policy","status":"publish","type":"page","link":"https:\/\/undeterred.eu\/fr\/impact-policy\/","title":{"rendered":"Impact &#038; Policy"},"content":{"rendered":"\n<h2 class=\"wp-block-heading\" id=\"from-evidence-to-action\">De la preuve \u00e0 l&rsquo;action.<\/h2>\n\n\n\n<p>Comprendre la discrimination syst\u00e9mique ne suffit pas. UNDETERRED est con\u00e7u pour produire du changement \u2014 dans les institutions, les politiques, les pratiques.<\/p>\n\n\n\n<hr class=\"wp-block-separator has-alpha-channel-opacity is-style-default\"\/>\n\n\n\n<h2 class=\"wp-block-heading\" id=\"three-pillars-of-impact\">Trois piliers d\u2019impact<\/h2>\n\n\n\n<div class=\"wp-block-columns alignwide tw-cols-stack-md-2 is-layout-flex wp-container-core-columns-is-layout-c5b92faa wp-block-columns-is-layout-flex\" style=\"margin-top:var(--wp--preset--spacing--60);margin-bottom:var(--wp--preset--spacing--60)\">\n<div class=\"wp-block-column has-border-color has-ti-bg-color has-muted-25-opacity-background-color has-text-color has-background is-layout-flow wp-container-core-column-is-layout-dd24f509 wp-block-column-is-layout-flow\" style=\"border-color:rgba(13, 33, 64, 0.08);border-width:1px;border-top-left-radius:30px;border-top-right-radius:30px;border-bottom-left-radius:30px;border-bottom-right-radius:30px;padding-top:var(--wp--preset--spacing--50);padding-right:var(--wp--preset--spacing--50);padding-bottom:var(--wp--preset--spacing--50);padding-left:var(--wp--preset--spacing--50)\">\n<div class=\"wp-block-group is-content-justification-space-between is-nowrap is-layout-flex wp-container-core-group-is-layout-ed947458 wp-block-group-is-layout-flex\" style=\"margin-top:0;margin-bottom:0;padding-top:0;padding-right:0;padding-bottom:0;padding-left:0\">\n<div class=\"wp-block-group has-border-navy-background-color has-background has-large-font-size wp-container-content-58efb684 is-layout-constrained wp-container-core-group-is-layout-da604d14 wp-block-group-is-layout-constrained\" style=\"border-top-left-radius:10px;border-top-right-radius:10px;border-bottom-left-radius:10px;border-bottom-right-radius:10px;min-height:2.5em;padding-top:0;padding-right:0;padding-bottom:0;padding-left:0\">\n<p class=\"has-text-align-center has-x-large-font-size\">\ud83c\udfdb\ufe0f<\/p>\n<\/div>\n<\/div>\n\n\n\n<h3 class=\"wp-block-heading\" id=\"first-item-8\">Outils politiques<\/h3>\n\n\n\n<p class=\"has-muted-color has-text-color has-x-small-font-size\">Recommandations co-construites et guides pratiques pour les institutions et les d\u00e9cideurs \u2014 con\u00e7us pour \u00eatre directement utilisables, pas rang\u00e9s dans un tiroir.<\/p>\n\n\n\n<p class=\"tw-link-no-underline has-link-color has-x-small-font-size wp-elements-f75708b2a01aa0fffa38a34b067a0d0b\" style=\"font-style:normal;font-weight:600;letter-spacing:0.1em;text-decoration:none\"><a href=\"https:\/\/undeterred.eu\/impact-policy\/policy-tools-recommendations\/\" data-type=\"page\" data-id=\"1285\">Voir les ressources \u2192<\/a><a href=\"#\"><\/a><\/p>\n<\/div>\n\n\n\n<div class=\"wp-block-column has-border-color has-ti-bg-color has-muted-25-opacity-background-color has-text-color has-background is-layout-flow wp-container-core-column-is-layout-dd24f509 wp-block-column-is-layout-flow\" style=\"border-color:rgba(13, 33, 64, 0.08);border-width:1px;border-top-left-radius:30px;border-top-right-radius:30px;border-bottom-left-radius:30px;border-bottom-right-radius:30px;padding-top:var(--wp--preset--spacing--50);padding-right:var(--wp--preset--spacing--50);padding-bottom:var(--wp--preset--spacing--50);padding-left:var(--wp--preset--spacing--50)\">\n<div class=\"wp-block-group is-content-justification-space-between is-nowrap is-layout-flex wp-container-core-group-is-layout-ed947458 wp-block-group-is-layout-flex\" style=\"margin-top:0;margin-bottom:0;padding-top:0;padding-right:0;padding-bottom:0;padding-left:0\">\n<div class=\"wp-block-group has-border-navy-background-color has-background has-large-font-size wp-container-content-58efb684 is-layout-constrained wp-container-core-group-is-layout-da604d14 wp-block-group-is-layout-constrained\" style=\"border-top-left-radius:10px;border-top-right-radius:10px;border-bottom-left-radius:10px;border-bottom-right-radius:10px;min-height:2.5em;padding-top:0;padding-right:0;padding-bottom:0;padding-left:0\">\n<p class=\"has-text-align-center has-x-large-font-size\"><strong>\ud83d\udd2c<\/strong><\/p>\n<\/div>\n<\/div>\n\n\n\n<h3 class=\"wp-block-heading\" id=\"first-item-8\">Exp\u00e9riences sur le terrain<\/h3>\n\n\n\n<p class=\"has-muted-color has-text-color has-x-small-font-size\">Pilotes r\u00e9els test\u00e9s au sein des organisations partenaires dans les quatre villes \u2014 nouvelles proc\u00e9dures, nouvelles pratiques, \u00e9valu\u00e9es et affin\u00e9es en contexte.<\/p>\n\n\n\n<p class=\"tw-link-no-underline has-link-color has-x-small-font-size wp-elements-525fbabe4687fecee659f627c7ec2c87\" style=\"font-style:normal;font-weight:600;letter-spacing:0.1em;text-decoration:none\"><a href=\"https:\/\/undeterred.eu\/impact-policy\/field-experiments\/\" data-type=\"page\" data-id=\"1289\">Voir les exp\u00e9riences \u2192<\/a><a href=\"#\"><\/a><\/p>\n<\/div>\n\n\n\n<div class=\"wp-block-column has-border-color has-ti-bg-color has-muted-25-opacity-background-color has-text-color has-background is-layout-flow wp-container-core-column-is-layout-dd24f509 wp-block-column-is-layout-flow\" style=\"border-color:rgba(13, 33, 64, 0.08);border-width:1px;border-top-left-radius:30px;border-top-right-radius:30px;border-bottom-left-radius:30px;border-bottom-right-radius:30px;padding-top:var(--wp--preset--spacing--50);padding-right:var(--wp--preset--spacing--50);padding-bottom:var(--wp--preset--spacing--50);padding-left:var(--wp--preset--spacing--50)\">\n<div class=\"wp-block-group is-content-justification-space-between is-nowrap is-layout-flex wp-container-core-group-is-layout-ed947458 wp-block-group-is-layout-flex\" style=\"margin-top:0;margin-bottom:0;padding-top:0;padding-right:0;padding-bottom:0;padding-left:0\">\n<div class=\"wp-block-group has-border-navy-background-color has-background has-large-font-size wp-container-content-58efb684 is-layout-constrained wp-container-core-group-is-layout-da604d14 wp-block-group-is-layout-constrained\" style=\"border-top-left-radius:10px;border-top-right-radius:10px;border-bottom-left-radius:10px;border-bottom-right-radius:10px;min-height:2.5em;padding-top:0;padding-right:0;padding-bottom:0;padding-left:0\">\n<p class=\"has-text-align-center has-x-large-font-size\"><strong><strong>\ud83d\udcda<\/strong><\/strong><\/p>\n<\/div>\n<\/div>\n\n\n\n<h3 class=\"wp-block-heading\" id=\"first-item-8\">Formations et ressources<\/h3>\n\n\n\n<p class=\"has-muted-color has-text-color has-x-small-font-size\">Mat\u00e9riels pratiques pour les professionnels et praticiens travaillant sur le terrain avec les populations les plus touch\u00e9es par la discrimination syst\u00e9mique.<\/p>\n\n\n\n<p class=\"tw-link-no-underline has-link-color has-x-small-font-size wp-elements-8753fe9d176caa0d1d7d0d772b444536\" style=\"font-style:normal;font-weight:600;letter-spacing:0.1em;text-decoration:none\"><a href=\"https:\/\/undeterred.eu\/the-challenge\/the-four-cities\/\" data-type=\"page\" data-id=\"1318\">D\u00e9couvrir les villes \u2192<\/a><a href=\"#\"><\/a><\/p>\n<\/div>\n<\/div>\n\n\n\n<hr class=\"wp-block-separator has-alpha-channel-opacity is-style-default\"\/>\n\n\n\n<h2 class=\"wp-block-heading\" id=\"already-in-action\">D\u00e9j\u00e0 en action<\/h2>\n\n\n\n<p><strong>D\u00e9cembre 2025 \u2014 Bucarest<\/strong><br>Lancement de&nbsp;<em>\u00ab\u00a0Combattre la discrimination dans les universit\u00e9s\u00a0\u00bb<\/em>&nbsp;\u2014 le premier guide pratique de ce genre pour les \u00e9tudiants en Roumanie, disponible en roumain, anglais et fran\u00e7ais. Publi\u00e9 \u00e0 la Journ\u00e9e internationale des droits de l&rsquo;homme par l&rsquo;Universit\u00e9 de Bucarest, en lien direct avec la recherche d&rsquo;UNDETERRED.<\/p>\n\n\n\n<p><strong>Janvier 2026 \u2014 Bordeaux<\/strong><br>Un atelier UNDETERRED au&nbsp;<strong>Bootcamp europ\u00e9en WOTO<\/strong>&nbsp;(<em>Travailler Ensemble Contre le Racisme et le Sexisme<\/em>) a r\u00e9uni des jeunes et des travailleurs jeunesse de France, Belgique, Espagne et Italie pour explorer la discrimination syst\u00e9mique par des m\u00e9thodes participatives.<\/p>\n","protected":false},"excerpt":{"rendered":"<p>De la preuve \u00e0 l&rsquo;action. Comprendre la discrimination syst\u00e9mique ne suffit pas. UNDETERRED est con\u00e7u pour produire du changement \u2014 dans les institutions, les politiques, les pratiques. Trois piliers d\u2019impact \ud83c\udfdb\ufe0f Outils politiques Recommandations co-construites et guides pratiques pour les institutions et les d\u00e9cideurs \u2014 con\u00e7us pour \u00eatre directement utilisables, pas rang\u00e9s dans un tiroir. [&hellip;]<\/p>\n","protected":false},"author":1,"featured_media":0,"parent":0,"menu_order":0,"comment_status":"closed","ping_status":"closed","template":"","meta":{"_acf_changed":false,"_gspb_post_css":"","footnotes":""},"class_list":["post-443","page","type-page","status-publish","hentry"],"acf":[],"mb":[],"mfb_rest_fields":["title"],"_links":{"self":[{"href":"https:\/\/undeterred.eu\/fr\/wp-json\/wp\/v2\/pages\/443","targetHints":{"allow":["GET"]}}],"collection":[{"href":"https:\/\/undeterred.eu\/fr\/wp-json\/wp\/v2\/pages"}],"about":[{"href":"https:\/\/undeterred.eu\/fr\/wp-json\/wp\/v2\/types\/page"}],"author":[{"embeddable":true,"href":"https:\/\/undeterred.eu\/fr\/wp-json\/wp\/v2\/users\/1"}],"replies":[{"embeddable":true,"href":"https:\/\/undeterred.eu\/fr\/wp-json\/wp\/v2\/comments?post=443"}],"version-history":[{"count":9,"href":"https:\/\/undeterred.eu\/fr\/wp-json\/wp\/v2\/pages\/443\/revisions"}],"predecessor-version":[{"id":2064,"href":"https:\/\/undeterred.eu\/fr\/wp-json\/wp\/v2\/pages\/443\/revisions\/2064"}],"wp:attachment":[{"href":"https:\/\/undeterred.eu\/fr\/wp-json\/wp\/v2\/media?parent=443"}],"curies":[{"name":"wp","href":"https:\/\/api.w.org\/{rel}","templated":true}]}}