{"id":1297,"date":"2026-03-31T10:34:02","date_gmt":"2026-03-31T10:34:02","guid":{"rendered":"https:\/\/undeterred.eu\/?page_id=1297"},"modified":"2026-05-11T17:01:44","modified_gmt":"2026-05-11T17:01:44","slug":"non-academic-partners","status":"publish","type":"page","link":"https:\/\/undeterred.eu\/ro\/our-ecosystem\/non-academic-partners\/","title":{"rendered":"Non-Academic Partners"},"content":{"rendered":"\n<p style=\"margin-top:var(--wp--preset--spacing--50);margin-right:var(--wp--preset--spacing--60);margin-bottom:var(--wp--preset--spacing--50);margin-left:var(--wp--preset--spacing--60)\">The UNDETERRED consortium consists of a partnership of twelve members, including eight international academics and four non-academics in France. The non-academic members are listed below.<\/p>\n\n\n\n<div class=\"wp-block-group alignfull is-layout-constrained wp-block-group-is-layout-constrained\" style=\"margin-top:var(--wp--preset--spacing--50);margin-bottom:var(--wp--preset--spacing--50);padding-top:var(--wp--preset--spacing--40);padding-bottom:var(--wp--preset--spacing--40)\">\n<h2 class=\"wp-block-heading has-text-align-center\" id=\"our-team-3\">Bordeaux M\u00e9tropole<\/h2>\n\n\n\n<div class=\"wp-block-columns alignwide tw-cols-stack-md-2 is-layout-flex wp-container-core-columns-is-layout-7018ba02 wp-block-columns-is-layout-flex\" style=\"margin-top:var(--wp--preset--spacing--50);margin-bottom:var(--wp--preset--spacing--50)\">\n<div class=\"wp-block-column is-layout-flow wp-block-column-is-layout-flow\">\n<figure class=\"wp-block-image aligncenter size-full is-resized has-custom-border\"><img loading=\"lazy\" decoding=\"async\" width=\"1024\" height=\"1024\" src=\"https:\/\/undeterred.eu\/wp-content\/uploads\/2026\/04\/vecteezy_person-photo-placeholder-woman-default-avatar-profile-icon_.png\" alt=\"\" class=\"wp-image-1569\" style=\"border-radius:100%;object-fit:cover;width:160px;height:160px\" srcset=\"https:\/\/undeterred.eu\/wp-content\/uploads\/2026\/04\/vecteezy_person-photo-placeholder-woman-default-avatar-profile-icon_.png 1024w, https:\/\/undeterred.eu\/wp-content\/uploads\/2026\/04\/vecteezy_person-photo-placeholder-woman-default-avatar-profile-icon_-300x300.png 300w, https:\/\/undeterred.eu\/wp-content\/uploads\/2026\/04\/vecteezy_person-photo-placeholder-woman-default-avatar-profile-icon_-150x150.png 150w, https:\/\/undeterred.eu\/wp-content\/uploads\/2026\/04\/vecteezy_person-photo-placeholder-woman-default-avatar-profile-icon_-768x768.png 768w, https:\/\/undeterred.eu\/wp-content\/uploads\/2026\/04\/vecteezy_person-photo-placeholder-woman-default-avatar-profile-icon_-120x120.png 120w\" sizes=\"auto, (max-width: 1024px) 100vw, 1024px\" \/><\/figure>\n\n\n\n<h3 class=\"wp-block-heading has-text-align-center has-large-font-size\" id=\"julie-miller-3\">Ad\u00e8le GOUGUET<\/h3>\n\n\n\n<p class=\"has-text-align-center\" id=\"julie-miller-3\"><\/p>\n<\/div>\n\n\n\n<div class=\"wp-block-column is-layout-flow wp-block-column-is-layout-flow\">\n<figure class=\"wp-block-image aligncenter size-full is-resized has-custom-border\"><img loading=\"lazy\" decoding=\"async\" width=\"1024\" height=\"1024\" src=\"https:\/\/undeterred.eu\/wp-content\/uploads\/2026\/04\/vecteezy_person-photo-placeholder-woman-default-avatar-profile-icon_.png\" alt=\"\" class=\"wp-image-1569\" style=\"border-radius:100%;object-fit:cover;width:160px;height:160px\" srcset=\"https:\/\/undeterred.eu\/wp-content\/uploads\/2026\/04\/vecteezy_person-photo-placeholder-woman-default-avatar-profile-icon_.png 1024w, https:\/\/undeterred.eu\/wp-content\/uploads\/2026\/04\/vecteezy_person-photo-placeholder-woman-default-avatar-profile-icon_-300x300.png 300w, https:\/\/undeterred.eu\/wp-content\/uploads\/2026\/04\/vecteezy_person-photo-placeholder-woman-default-avatar-profile-icon_-150x150.png 150w, https:\/\/undeterred.eu\/wp-content\/uploads\/2026\/04\/vecteezy_person-photo-placeholder-woman-default-avatar-profile-icon_-768x768.png 768w, https:\/\/undeterred.eu\/wp-content\/uploads\/2026\/04\/vecteezy_person-photo-placeholder-woman-default-avatar-profile-icon_-120x120.png 120w\" sizes=\"auto, (max-width: 1024px) 100vw, 1024px\" \/><\/figure>\n\n\n\n<h3 class=\"wp-block-heading has-text-align-center has-large-font-size\" id=\"david-lin-3\">Lou ISOLETTA<\/h3>\n\n\n\n<p class=\"has-text-align-center has-secondary-color has-text-color has-small-font-size\" style=\"margin-top:8px\">Research fellow<\/p>\n\n\n\n<ul class=\"wp-block-social-links has-small-icon-size has-icon-color is-style-logos-only tw-hover-opacity-down is-content-justification-center is-layout-flex wp-container-core-social-links-is-layout-a89b3969 wp-block-social-links-is-layout-flex\"><li style=\"color:var(u002du002dwpu002du002dpresetu002du002dcoloru002du002dcontrast);\" class=\"wp-social-link wp-social-link-mail has-contrast-color wp-block-social-link\"><a href=\"mailto:s.w.konate@uva.nl\" class=\"wp-block-social-link-anchor\"><svg width=\"24\" height=\"24\" viewBox=\"0 0 24 24\" version=\"1.1\" xmlns=\"http:\/\/www.w3.org\/2000\/svg\" aria-hidden=\"true\" focusable=\"false\"><path d=\"M19,5H5c-1.1,0-2,.9-2,2v10c0,1.1.9,2,2,2h14c1.1,0,2-.9,2-2V7c0-1.1-.9-2-2-2zm.5,12c0,.3-.2.5-.5.5H5c-.3,0-.5-.2-.5-.5V9.8l7.5,5.6,7.5-5.6V17zm0-9.1L12,13.6,4.5,7.9V7c0-.3.2-.5.5-.5h14c.3,0,.5.2.5.5v.9z\"><\/path><\/svg><span class=\"wp-block-social-link-label screen-reader-text\">Mail<\/span><\/a><\/li><\/ul>\n<\/div>\n<\/div>\n<\/div>\n\n\n\n<div class=\"wp-block-group alignfull has-ti-bg-background-color has-background is-layout-constrained wp-container-core-group-is-layout-3c501037 wp-block-group-is-layout-constrained\" style=\"margin-top:var(--wp--preset--spacing--50);margin-bottom:var(--wp--preset--spacing--50);padding-top:var(--wp--preset--spacing--40);padding-right:0;padding-bottom:var(--wp--preset--spacing--40);padding-left:0\">\n<h2 class=\"wp-block-heading has-text-align-center\" id=\"our-team-3\">CCI Bordeaux Gironde<\/h2>\n\n\n\n<div class=\"wp-block-columns alignwide tw-cols-stack-md-2 is-layout-flex wp-container-core-columns-is-layout-7018ba02 wp-block-columns-is-layout-flex\" style=\"margin-top:var(--wp--preset--spacing--50);margin-bottom:var(--wp--preset--spacing--50)\">\n<div class=\"wp-block-column is-layout-flow wp-block-column-is-layout-flow\">\n<figure class=\"wp-block-image aligncenter size-full is-resized has-custom-border\"><img loading=\"lazy\" decoding=\"async\" width=\"1024\" height=\"1024\" src=\"https:\/\/undeterred.eu\/wp-content\/uploads\/2026\/04\/vecteezy_person-photo-placeholder-woman-default-avatar-profile-icon_.png\" alt=\"\" class=\"wp-image-1569\" style=\"border-radius:100%;object-fit:cover;width:160px;height:160px\" srcset=\"https:\/\/undeterred.eu\/wp-content\/uploads\/2026\/04\/vecteezy_person-photo-placeholder-woman-default-avatar-profile-icon_.png 1024w, https:\/\/undeterred.eu\/wp-content\/uploads\/2026\/04\/vecteezy_person-photo-placeholder-woman-default-avatar-profile-icon_-300x300.png 300w, https:\/\/undeterred.eu\/wp-content\/uploads\/2026\/04\/vecteezy_person-photo-placeholder-woman-default-avatar-profile-icon_-150x150.png 150w, https:\/\/undeterred.eu\/wp-content\/uploads\/2026\/04\/vecteezy_person-photo-placeholder-woman-default-avatar-profile-icon_-768x768.png 768w, https:\/\/undeterred.eu\/wp-content\/uploads\/2026\/04\/vecteezy_person-photo-placeholder-woman-default-avatar-profile-icon_-120x120.png 120w\" sizes=\"auto, (max-width: 1024px) 100vw, 1024px\" \/><\/figure>\n\n\n\n<h3 class=\"wp-block-heading has-text-align-center has-large-font-size\" id=\"julie-miller-3\">Nathalie WONG-SO<\/h3>\n\n\n\n<p class=\"has-text-align-center has-secondary-color has-text-color has-small-font-size\" style=\"margin-top:8px\">Economic development adviser<\/p>\n<\/div>\n<\/div>\n<\/div>\n\n\n\n<div class=\"wp-block-group alignfull is-layout-constrained wp-block-group-is-layout-constrained\" style=\"margin-top:var(--wp--preset--spacing--50);margin-bottom:var(--wp--preset--spacing--50);padding-top:var(--wp--preset--spacing--40);padding-bottom:var(--wp--preset--spacing--40)\">\n<h2 class=\"wp-block-heading has-text-align-center\" id=\"our-team-3\">\u00c9tablissement Public du Palais de la Porte Dor\u00e9e \u2013 MNHI<\/h2>\n\n\n\n<div class=\"wp-block-columns alignwide tw-cols-stack-md-2 is-layout-flex wp-container-core-columns-is-layout-7018ba02 wp-block-columns-is-layout-flex\" style=\"margin-top:var(--wp--preset--spacing--50);margin-bottom:var(--wp--preset--spacing--50)\">\n<div class=\"wp-block-column is-layout-flow wp-block-column-is-layout-flow\">\n<figure class=\"wp-block-image aligncenter size-full is-resized has-custom-border\"><img loading=\"lazy\" decoding=\"async\" width=\"200\" height=\"200\" src=\"https:\/\/undeterred.eu\/wp-content\/uploads\/2026\/05\/Emilie-Augier.jpeg\" alt=\"\" class=\"wp-image-2400\" style=\"border-radius:100%;object-fit:cover;width:160px;height:160px\" srcset=\"https:\/\/undeterred.eu\/wp-content\/uploads\/2026\/05\/Emilie-Augier.jpeg 200w, https:\/\/undeterred.eu\/wp-content\/uploads\/2026\/05\/Emilie-Augier-150x150.jpeg 150w, https:\/\/undeterred.eu\/wp-content\/uploads\/2026\/05\/Emilie-Augier-120x120.jpeg 120w\" sizes=\"auto, (max-width: 200px) 100vw, 200px\" \/><\/figure>\n\n\n\n<p class=\"has-text-align-center has-large-font-size\" id=\"julie-miller-3\">Emilie AUGIER<\/p>\n\n\n\n<p class=\"has-text-align-center has-secondary-color has-text-color has-small-font-size\" style=\"margin-top:8px\">Responsable du service des expositions et directeur de production<\/p>\n\n\n\n<div class=\"wp-block-columns is-layout-flex wp-container-core-columns-is-layout-d0b3c9c8 wp-block-columns-is-layout-flex\">\n<div class=\"wp-block-column is-layout-flow wp-block-column-is-layout-flow\"><\/div>\n\n\n\n<div class=\"wp-block-column is-layout-flow wp-block-column-is-layout-flow\"><\/div>\n<\/div>\n<\/div>\n\n\n\n<div class=\"wp-block-column is-layout-flow wp-block-column-is-layout-flow\">\n<figure class=\"wp-block-image aligncenter size-full is-resized has-custom-border\"><img loading=\"lazy\" decoding=\"async\" width=\"200\" height=\"200\" src=\"https:\/\/undeterred.eu\/wp-content\/uploads\/2026\/05\/Olivier-Bedoin.jpeg\" alt=\"\" class=\"wp-image-2402\" style=\"border-radius:100%;object-fit:cover;width:160px;height:160px\" srcset=\"https:\/\/undeterred.eu\/wp-content\/uploads\/2026\/05\/Olivier-Bedoin.jpeg 200w, https:\/\/undeterred.eu\/wp-content\/uploads\/2026\/05\/Olivier-Bedoin-150x150.jpeg 150w, https:\/\/undeterred.eu\/wp-content\/uploads\/2026\/05\/Olivier-Bedoin-120x120.jpeg 120w\" sizes=\"auto, (max-width: 200px) 100vw, 200px\" \/><\/figure>\n\n\n\n<p class=\"has-text-align-center has-large-font-size\" id=\"julie-miller-3\">Olivier BEDOIN<\/p>\n\n\n\n<p class=\"has-text-align-center has-secondary-color has-text-color has-small-font-size\" style=\"margin-top:8px\">Assistant du service des expositions<\/p>\n\n\n\n<div class=\"wp-block-columns is-layout-flex wp-container-core-columns-is-layout-d0b3c9c8 wp-block-columns-is-layout-flex\">\n<div class=\"wp-block-column is-layout-flow wp-block-column-is-layout-flow\"><\/div>\n\n\n\n<div class=\"wp-block-column is-layout-flow wp-block-column-is-layout-flow\"><\/div>\n<\/div>\n<\/div>\n<\/div>\n\n\n\n<h2 class=\"wp-block-heading has-text-align-center\" id=\"our-team-3\">URHAJ Nouvelle-Aquitaine<\/h2>\n\n\n\n<div class=\"wp-block-columns alignwide tw-cols-stack-md-2 is-layout-flex wp-container-core-columns-is-layout-7018ba02 wp-block-columns-is-layout-flex\" style=\"margin-top:var(--wp--preset--spacing--50);margin-bottom:var(--wp--preset--spacing--50)\">\n<div class=\"wp-block-column is-layout-flow wp-block-column-is-layout-flow\">\n<figure class=\"wp-block-image aligncenter size-full is-resized has-custom-border\"><img loading=\"lazy\" decoding=\"async\" width=\"248\" height=\"278\" src=\"https:\/\/undeterred.eu\/wp-content\/uploads\/2026\/05\/Lydia-Boudlal-1.jpg\" alt=\"\" class=\"wp-image-2406\" style=\"border-radius:100%;object-fit:cover;width:160px;height:160px\"\/><\/figure>\n\n\n\n<h3 class=\"wp-block-heading has-text-align-center has-large-font-size\" id=\"julie-miller-3\">Lydia BOUDLAL<\/h3>\n\n\n\n<p class=\"has-text-align-center has-secondary-color has-text-color has-small-font-size\" id=\"julie-miller-3\" style=\"margin-top:8px\">Reasearch fello<\/p>\n<\/div>\n\n\n\n<div class=\"wp-block-column is-layout-flow wp-block-column-is-layout-flow\">\n<figure class=\"wp-block-image aligncenter size-large is-resized has-custom-border\"><img loading=\"lazy\" decoding=\"async\" width=\"1024\" height=\"1024\" src=\"https:\/\/undeterred.eu\/wp-content\/uploads\/2026\/04\/PORTRAIT-NicolasHuot-petit-format-scaled-1-1024x1024.jpg\" alt=\"\" class=\"wp-image-1526\" style=\"border-radius:100%;object-fit:cover;width:160px;height:160px\" srcset=\"https:\/\/undeterred.eu\/wp-content\/uploads\/2026\/04\/PORTRAIT-NicolasHuot-petit-format-scaled-1-1024x1024.jpg 1024w, https:\/\/undeterred.eu\/wp-content\/uploads\/2026\/04\/PORTRAIT-NicolasHuot-petit-format-scaled-1-300x300.jpg 300w, https:\/\/undeterred.eu\/wp-content\/uploads\/2026\/04\/PORTRAIT-NicolasHuot-petit-format-scaled-1-150x150.jpg 150w, https:\/\/undeterred.eu\/wp-content\/uploads\/2026\/04\/PORTRAIT-NicolasHuot-petit-format-scaled-1-768x768.jpg 768w, https:\/\/undeterred.eu\/wp-content\/uploads\/2026\/04\/PORTRAIT-NicolasHuot-petit-format-scaled-1-1536x1536.jpg 1536w, https:\/\/undeterred.eu\/wp-content\/uploads\/2026\/04\/PORTRAIT-NicolasHuot-petit-format-scaled-1-120x120.jpg 120w, https:\/\/undeterred.eu\/wp-content\/uploads\/2026\/04\/PORTRAIT-NicolasHuot-petit-format-scaled-1.jpg 1660w\" sizes=\"auto, (max-width: 1024px) 100vw, 1024px\" \/><\/figure>\n\n\n\n<h3 class=\"wp-block-heading has-text-align-center has-large-font-size\" id=\"david-lin-3\">Nicolas HUOT<\/h3>\n\n\n\n<p class=\"has-text-align-center has-secondary-color has-text-color has-small-font-size\" style=\"margin-top:8px\">Regional manager<\/p>\n\n\n\n<ul class=\"wp-block-social-links has-small-icon-size has-icon-color is-style-logos-only tw-hover-opacity-down is-content-justification-center is-layout-flex wp-container-core-social-links-is-layout-a89b3969 wp-block-social-links-is-layout-flex\"><li style=\"color:var(u002du002dwpu002du002dpresetu002du002dcoloru002du002dcontrast);\" class=\"wp-social-link wp-social-link-mail has-contrast-color wp-block-social-link\"><a href=\"mailto:&#100;i&#114;e&#099;t&#105;&#111;&#110;&#064;ha&#098;ita&#116;j&#101;une&#115;-&#110;&#097;&#046;&#111;&#114;&#103;\" class=\"wp-block-social-link-anchor\"><svg width=\"24\" height=\"24\" viewBox=\"0 0 24 24\" version=\"1.1\" xmlns=\"http:\/\/www.w3.org\/2000\/svg\" aria-hidden=\"true\" focusable=\"false\"><path d=\"M19,5H5c-1.1,0-2,.9-2,2v10c0,1.1.9,2,2,2h14c1.1,0,2-.9,2-2V7c0-1.1-.9-2-2-2zm.5,12c0,.3-.2.5-.5.5H5c-.3,0-.5-.2-.5-.5V9.8l7.5,5.6,7.5-5.6V17zm0-9.1L12,13.6,4.5,7.9V7c0-.3.2-.5.5-.5h14c.3,0,.5.2.5.5v.9z\"><\/path><\/svg><span class=\"wp-block-social-link-label screen-reader-text\">Mail<\/span><\/a><\/li><\/ul>\n<\/div>\n<\/div>\n<\/div>\n\n\n\n<p><\/p>\n","protected":false},"excerpt":{"rendered":"<p>The UNDETERRED consortium consists of a partnership of twelve members, including eight international academics and four non-academics in France. The non-academic members are listed below. Bordeaux M\u00e9tropole Ad\u00e8le GOUGUET Lou ISOLETTA Research fellow CCI Bordeaux Gironde Nathalie WONG-SO Economic development adviser \u00c9tablissement Public du Palais de la Porte Dor\u00e9e \u2013 MNHI Emilie AUGIER Responsable du [&hellip;]<\/p>\n","protected":false},"author":1,"featured_media":0,"parent":1293,"menu_order":0,"comment_status":"closed","ping_status":"closed","template":"","meta":{"_acf_changed":false,"_gspb_post_css":"","footnotes":""},"class_list":["post-1297","page","type-page","status-publish","hentry"],"acf":[],"mb":[],"mfb_rest_fields":["title"],"_links":{"self":[{"href":"https:\/\/undeterred.eu\/ro\/wp-json\/wp\/v2\/pages\/1297","targetHints":{"allow":["GET"]}}],"collection":[{"href":"https:\/\/undeterred.eu\/ro\/wp-json\/wp\/v2\/pages"}],"about":[{"href":"https:\/\/undeterred.eu\/ro\/wp-json\/wp\/v2\/types\/page"}],"author":[{"embeddable":true,"href":"https:\/\/undeterred.eu\/ro\/wp-json\/wp\/v2\/users\/1"}],"replies":[{"embeddable":true,"href":"https:\/\/undeterred.eu\/ro\/wp-json\/wp\/v2\/comments?post=1297"}],"version-history":[{"count":18,"href":"https:\/\/undeterred.eu\/ro\/wp-json\/wp\/v2\/pages\/1297\/revisions"}],"predecessor-version":[{"id":2413,"href":"https:\/\/undeterred.eu\/ro\/wp-json\/wp\/v2\/pages\/1297\/revisions\/2413"}],"up":[{"embeddable":true,"href":"https:\/\/undeterred.eu\/ro\/wp-json\/wp\/v2\/pages\/1293"}],"wp:attachment":[{"href":"https:\/\/undeterred.eu\/ro\/wp-json\/wp\/v2\/media?parent=1297"}],"curies":[{"name":"wp","href":"https:\/\/api.w.org\/{rel}","templated":true}]}}