{"id":1307,"date":"2026-03-31T10:36:00","date_gmt":"2026-03-31T10:36:00","guid":{"rendered":"https:\/\/undeterred.eu\/?page_id=1307"},"modified":"2026-05-15T12:11:50","modified_gmt":"2026-05-15T12:11:50","slug":"about","status":"publish","type":"page","link":"https:\/\/undeterred.eu\/ro\/about\/","title":{"rendered":"Despre proiect + Cronologia"},"content":{"rendered":"\n<h2 class=\"wp-block-heading\" id=\"what-is-undeterred\">&#8222;Undeterred&#8221; in English can be translated to &#8222;neclintit&#8221; in Romanian. It describes someone who is not discouraged or dissuaded from doing something, despite difficulties or setbacks.<\/h2>\n\n\n\n<p><strong>NECLINTIT \u2014 Discriminare Neinten\u021bionat\u0103 Detectat\u0103 \u0219i Rasism Dezv\u0103luit \u0219i Dezactivat<\/strong>este un program de cercetare-ac\u021biune finan\u021bat de Uniunea European\u0103 \u00een cadrul<strong>Orizont Europa<\/strong>cadru (Grant N\u00b0 101095020).<br><br>Proiectul investigheaz\u0103 mecanismele discrimin\u0103rii neinten\u021bionate pe care o experimenteaz\u0103 tinerii cu v\u00e2rste \u00eentre 18 \u0219i 35 de ani \u00een patru domenii cheie: locuin\u021be, s\u0103n\u0103tate, angajare \u0219i educa\u021bie. Ipoteza sa este c\u0103 o parte din discriminarea suferit\u0103 de aceste popula\u021bii provine din norme, reguli \u0219i practici institu\u021bionale care nu sunt niciodat\u0103 puse sub semnul \u00eentreb\u0103rii \u2014 chiar \u0219i atunci c\u00e2nd sunt legale.<br><br>Programul are trei obiective principale:<\/p>\n\n\n\n<ul class=\"wp-block-list\">\n<li><strong>Detecta\u021bi<\/strong>regulile, procedurile, normele \u0219i practicile care conduc la discriminare<\/li>\n\n\n\n<li><strong>&#8222;Reveal&#8221; can be translated into Romanian as &#8222;dezv\u0103luire&#8221; when used as a noun in the sense of making something previously unknown known (such as in &#8222;a big reveal&#8221;) or &#8222;a dezv\u0103lui&#8221; when used as a verb meaning to make known something that was secret or hidden (such as in &#8222;reveal the truth&#8221;). The context in which the word is used would determine the most appropriate translation.<\/strong>procesele involuntare care genereaz\u0103 inegalit\u0103\u021bi de acces \u0219i oportunitate \u00een institu\u021bii<\/li>\n\n\n\n<li><strong>Dezactiveaz\u0103<\/strong>aceste procese prin colaborare la proiectare \u0219i experimentarea unor solu\u021bii concrete al\u0103turi de parteneri non-academici<\/li>\n<\/ul>\n\n\n\n<hr class=\"wp-block-separator has-alpha-channel-opacity\"\/>\n\n\n\n<h2 class=\"wp-block-heading\" id=\"the-consortium\">Consor\u021biul<\/h2>\n\n\n\n<p>Proiectul este coordonat de <strong>Fabien Sabatier<\/strong> (profesor, Universitatea din Bordeaux) \u0219i <strong>Hachem Benissa<\/strong> (cercet\u0103tor postdoctoral, Universitatea din Bordeaux).<\/p>\n\n\n\n<p>Acesta reune\u0219te echipe de cercetare din \u0219apte universit\u0103\u021bi din \u0219ase \u021b\u0103ri, al\u0103turi de parteneri din mediul non-academic din Bordeaux:<\/p>\n\n\n\n<ul class=\"wp-block-list\">\n<li><strong>Parteneri academici:<\/strong>Universit\u0103\u021bile din Amsterdam, Utrecht, Barcelona (UPF), Bordeaux, Bucure\u0219ti, \u0219i Laval (Qu\u00e9bec)<\/li>\n\n\n\n<li><strong>Parteneri non-academici:<\/strong>M\u00e9tropole Bordeaux, Camera de Comer\u021b \u0219i Industrie Bordeaux Gironde, URHAJ Nouvelle-Aquitaine \u0219i asocia\u021biile de sprijinire a popula\u021biilor imigrante<\/li>\n<\/ul>\n\n\n\n<h2 class=\"wp-block-heading\" id=\"project-timeline\">Cronologia proiectului<\/h2>\n\n\n\n<figure class=\"wp-block-table is-style-tw-border-h-inner\"><table><thead><tr><th class=\"has-text-align-left\" data-align=\"left\">Punct<\/th><th class=\"has-text-align-left\" data-align=\"left\">Etap\u0103<\/th><\/tr><\/thead><tbody><tr><td><strong>Iunie 2023<\/strong><\/td><td>Lansarea oficial\u0103 a proiectului \u2014 Bordeaux<\/td><\/tr><tr><td><strong>Aprilie \u2013 Septembrie 2023<\/strong><\/td><td>Sondaje online \u2014 studen\u021bi \u0219i reziden\u021bi din cartier \u00een 4 ora\u0219e<\/td><\/tr><tr><td><strong>septembrie 2023<\/strong><\/td><td>\u00cent\u00e2lnirea exper\u021bilor \u00een drept \u2014 Bordeaux<\/td><\/tr><tr><td><strong>Aprilie 2024 \u2013 Aprilie 2025<\/strong><\/td><td>Interviuri detaliate \u2014 tineri adul\u021bi, angajatori, servicii publice<\/td><\/tr><tr><td><strong>Septembrie 2024 \u2013 Aprilie 2026<\/strong><\/td><td>Grupuri de discu\u021bie \u00een 4 ora\u0219e<\/td><\/tr><tr><td><strong>decembrie 2025<\/strong><\/td><td>Lansarea<em>&#8222;Combaterea discrimin\u0103rii \u00een universit\u0103\u021bi&#8221;<\/em>\u2014 Bucure\u0219ti<\/td><\/tr><tr><td><strong>2024 \u2013 2026<\/strong><\/td><td>Experimente de teren WP3 \u2014 piloti concepu\u021bi \u00eempreun\u0103 \u00een 4 ora\u0219e<\/td><\/tr><tr><td><strong>2023 \u2013 2027<\/strong><\/td><td>Diseminare continu\u0103 (WP4)<\/td><\/tr><\/tbody><\/table><\/figure>\n\n\n\n<hr class=\"wp-block-separator has-alpha-channel-opacity\"\/>\n\n\n\n<p><strong>Durat\u0103<\/strong>2023 &#8211; 2027<br><strong>Finan\u021bare:<\/strong>Uniunea European\u0103 \u2014 Orizont Europa \u2014 Grantul Nr. 101095020<\/p>\n\n\n\n<div class=\"wp-block-group is-layout-constrained wp-block-group-is-layout-constrained\">\n<p>Hello! How can I assist you today?<strong><a href=\"https:\/\/undeterred.eu\/about\/funding-horizon-europe\/\" data-type=\"page\" data-id=\"1309\">Finan\u021bare &#038; Orizont Europa<\/a><\/strong><br>Hello! How can I assist you today?<strong><a href=\"https:\/\/undeterred.eu\/contact\/\" data-type=\"page\" data-id=\"466\">Contact<\/a><\/strong><\/p>\n<\/div>\n","protected":false},"excerpt":{"rendered":"<p>&#8222;Undeterred&#8221; in English can be translated to &#8222;neclintit&#8221; in Romanian. It describes someone who is not discouraged or dissuaded from doing something, despite difficulties or setbacks. NECLINTIT \u2014 Discriminare Neinten\u021bionat\u0103 Detectat\u0103 \u0219i Rasism Dezv\u0103luit \u0219i Dezactivateste un program de cercetare-ac\u021biune finan\u021bat de Uniunea European\u0103 \u00een cadrulOrizont Europacadru (Grant N\u00b0 101095020). Proiectul investigheaz\u0103 mecanismele discrimin\u0103rii neinten\u021bionate [&hellip;]<\/p>\n","protected":false},"author":1,"featured_media":0,"parent":0,"menu_order":0,"comment_status":"closed","ping_status":"closed","template":"","meta":{"_acf_changed":false,"_gspb_post_css":"","footnotes":""},"class_list":["post-1307","page","type-page","status-publish","hentry"],"acf":[],"mb":[],"mfb_rest_fields":["title"],"_links":{"self":[{"href":"https:\/\/undeterred.eu\/ro\/wp-json\/wp\/v2\/pages\/1307","targetHints":{"allow":["GET"]}}],"collection":[{"href":"https:\/\/undeterred.eu\/ro\/wp-json\/wp\/v2\/pages"}],"about":[{"href":"https:\/\/undeterred.eu\/ro\/wp-json\/wp\/v2\/types\/page"}],"author":[{"embeddable":true,"href":"https:\/\/undeterred.eu\/ro\/wp-json\/wp\/v2\/users\/1"}],"replies":[{"embeddable":true,"href":"https:\/\/undeterred.eu\/ro\/wp-json\/wp\/v2\/comments?post=1307"}],"version-history":[{"count":28,"href":"https:\/\/undeterred.eu\/ro\/wp-json\/wp\/v2\/pages\/1307\/revisions"}],"predecessor-version":[{"id":2457,"href":"https:\/\/undeterred.eu\/ro\/wp-json\/wp\/v2\/pages\/1307\/revisions\/2457"}],"wp:attachment":[{"href":"https:\/\/undeterred.eu\/ro\/wp-json\/wp\/v2\/media?parent=1307"}],"curies":[{"name":"wp","href":"https:\/\/api.w.org\/{rel}","templated":true}]}}