{"id":1312,"date":"2026-03-31T10:42:44","date_gmt":"2026-03-31T10:42:44","guid":{"rendered":"https:\/\/undeterred.eu\/?page_id=1312"},"modified":"2026-05-05T11:35:53","modified_gmt":"2026-05-05T11:35:53","slug":"the-challenge","status":"publish","type":"page","link":"https:\/\/undeterred.eu\/ro\/the-challenge\/","title":{"rendered":"Provocarea"},"content":{"rendered":"\n<p>\u00cen fiecare zi, \u00een ora\u0219ele din Europa, tinerii se confrunt\u0103 cu bariere pe care nu le-au creat &#8211; \u0219i pe care nimeni, oficial, nu a avut inten\u021bia s\u0103 le construiasc\u0103. Acestea nu sunt zidurile ostilit\u0103\u021bii deschise. Sunt zidurile procedurilor, obiceiurilor, regulilor nechestionate. Sunt zidurile discrimin\u0103rii sistematice, neinten\u021bionate.<\/p>\n\n\n\n<hr class=\"wp-block-separator has-alpha-channel-opacity\"\/>\n\n\n\n<h2 class=\"wp-block-heading\" id=\"what-is-unintentional-discrimination\">Ce este discriminarea neinten\u021bionat\u0103?<\/h2>\n\n\n\n<p>Discriminarea nu este \u00eentotdeauna rezultatul unei prejudec\u0103\u021bi con\u0219tiente. Normele, regulile \u0219i practicile institu\u021bionale \u2014 chiar \u0219i cele conforme legal \u2014 pot produce inegalit\u0103\u021bi profunde f\u0103r\u0103 ca cineva s\u0103 fac\u0103 vreodat\u0103 alegerea deliberat\u0103 de a discrimina.<\/p>\n\n\n\n<p>Tinerii provenind din medii imigrante \u0219i minorit\u0103\u021bi na\u021bionale din Europa se confrunt\u0103 \u00een fiecare zi cu aceste mecanisme invizibile: o cerere de locuin\u021b\u0103 respins\u0103 pentru c\u0103 garan\u021biile necesare sunt imposibil de furnizat, o programare medical\u0103 dificil de accesat din cauza barierelor lingvistice, un &#8222;proces standard&#8221; al angajatorului care filtreaz\u0103 discret anumite profiluri.<\/p>\n\n\n\n<p>Aceste reguli, proceduri \u0219i practici neexaminate perpetueaz\u0103 inegalit\u0103\u021bile rasiale, etnice \u0219i religioase \u2014 nu inten\u021bionat, ci prin iner\u021bie. Acesta este exact motivul pentru care sunt at\u00e2t de greu de detectat \u0219i at\u00e2t de urgent de abordat.<\/p>\n\n\n\n<div class=\"wp-block-group alignfull is-layout-flow wp-container-core-group-is-layout-417c9d31 wp-block-group-is-layout-flow\" style=\"margin-top:var(--wp--preset--spacing--50);margin-bottom:var(--wp--preset--spacing--50);padding-top:var(--wp--preset--spacing--70);padding-right:var(--wp--preset--spacing--70);padding-bottom:var(--wp--preset--spacing--70);padding-left:var(--wp--preset--spacing--70)\">\n<blockquote class=\"wp-block-quote is-layout-flow wp-block-quote-is-layout-flow\">\n<p><em>Ipoteza ap\u0103rat\u0103 de proiect este c\u0103 o parte din discriminarea suferit\u0103 de tinerii proveni\u021bi din medii imigrante se datoreaz\u0103 normelor, practicilor \u0219i regulilor \u00een vigoare \u00een institu\u021bii \u2014 chiar dac\u0103 acestea sunt legale \u2014 care nu sunt niciodat\u0103 contestate de diferi\u021bii actori sau nu sunt niciodat\u0103 comb\u0103tute.<\/em><\/p>\n<\/blockquote>\n<\/div>\n\n\n\n<hr class=\"wp-block-separator has-alpha-channel-opacity\"\/>\n\n\n\n<h2 class=\"wp-block-heading\" id=\"four-sectors-where-barriers-run-deepest\">Patru sectoare unde barierele sunt cele mai ad\u00e2nci<\/h2>\n\n\n\n<p>UNDETERRED se concentreaz\u0103 pe patru domenii cheie \u00een care discriminarea sistemic\u0103 formeaz\u0103 traiectoriile vie\u021bilor tinerilor.<a rel=\"noreferrer noopener\" target=\"_blank\" href=\"https:\/\/www.bse.u-bordeaux.fr\/en\/research\/project-europe-undeterred\/\">Translation: bse.u-Bordeaux\n\n(There is no need for translation as it appears to be a proper name or an abbreviation that is typically not translated.)<\/a><\/p>\n\n\n\n<ul class=\"wp-block-list\">\n<li>acas\u0103<strong>Locuin\u021b\u0103<\/strong>\u2014 Garan\u021bii imposibil de oferit, criterii de selec\u021bie implicite, accesul la locuin\u021bele sociale refuzat \u00een practic\u0103<\/li>\n\n\n\n<li>In Romanian, the briefcase emoji (\ud83d\udcbc) could be translated simply as &#8222;serviet\u0103&#8221; or &#8222;geant\u0103 de serviciu.&#8221;<strong>Angajare<\/strong>\u2014 Procese de angajare care filtreaz\u0103 \u00een mod discret dup\u0103 nume, origine sau adres\u0103<\/li>\n\n\n\n<li>spital<strong>S\u0103n\u0103tate<\/strong>\u2014 Bariere lingvistice \u0219i administrative care fac accesul la \u00eengrijire inegal<\/li>\n\n\n\n<li>The emoji represents a graduation cap. In Romanian, this can be translated as &#8222;sapc\u0103 de absolvire&#8221; or simply &#8222;toc\u0103 de absolvire.&#8221;<strong>Educa\u021bie<\/strong>\u2014 Obstacole institu\u021bionale care limiteaz\u0103 oportunit\u0103\u021bile academice pentru studen\u021bii minoritari \u0219i migran\u021bi<\/li>\n<\/ul>\n\n\n\n<hr class=\"wp-block-separator has-alpha-channel-opacity\"\/>\n\n\n\n<h2 class=\"wp-block-heading\" id=\"who-is-most-affected\">Cine este cel mai afectat?<\/h2>\n\n\n\n<p>NEREZONAT se concentreaz\u0103 pe<strong>tineri adul\u021bi \u00eentre 18 \u0219i 35 de ani<\/strong>\u2014 o perioad\u0103 decisiv\u0103 a vie\u021bii \u00een care accesul la locuin\u021be, munc\u0103, asisten\u021b\u0103 medical\u0103 \u0219i educa\u021bie modeleaz\u0103 traiectoriile pe termen lung.<br><br>Proiectul se concentreaz\u0103 \u00een mod specific pe<strong>tinerii proveni\u021bi din medii imigrante \u0219i popula\u021bii minoritare na\u021bionale<\/strong>prin patru ora\u0219e europene: Bordeaux, Barcelona, Bucure\u0219ti \u0219i Lausanne. Ace\u0219tia sunt oamenii care navigheaz\u0103 printre institu\u021bii care nu au fost concepute av\u00e2ndu-i \u00een vedere \u2014 \u0219i care suport\u0103 costul acestei omisiuni \u00een fiecare zi.<\/p>\n\n\n\n<hr class=\"wp-block-separator has-alpha-channel-opacity\"\/>\n\n\n\n<h2 class=\"wp-block-heading\" id=\"why-this-matters-now\">De ce este important acum<\/h2>\n\n\n\n<p>Oferindu-ne mijloacele necesare pentru a combate discriminarea \u00eenseamn\u0103 a alege s\u0103 nu construim ziduri \u2014 \u00eentr-un context pe termen mediu \u0219i lung \u00een care dinamica migra\u021biei nu se va schimba. Dac\u0103 dorim s\u0103 p\u0103str\u0103m societ\u0103\u021bi deschise, trebuie s\u0103 accept\u0103m provocarea de a actualiza sistemele care modeleaz\u0103 via\u021ba de zi cu zi a oamenilor.<br><br>UNDETERRED a fost construit\u0103 pe convingerea c\u0103<strong>ceea ce este invizibil poate fi f\u0103cut vizibil<\/strong>\u2014 \u0219i ceea ce este vizibil poate fi schimbat.<\/p>\n\n\n\n<hr class=\"wp-block-separator has-alpha-channel-opacity\"\/>\n\n\n\n<div class=\"wp-block-columns alignwide tw-cols-stack-md-2 is-layout-flex wp-container-core-columns-is-layout-c5b92faa wp-block-columns-is-layout-flex\" style=\"margin-top:var(--wp--preset--spacing--60);margin-bottom:var(--wp--preset--spacing--60)\">\n<div class=\"wp-block-column has-border-color has-ti-bg-background-color has-background is-layout-flow wp-container-core-column-is-layout-dd24f509 wp-block-column-is-layout-flow\" style=\"border-color:rgba(13, 33, 64, 0.08);border-width:1px;border-top-left-radius:30px;border-top-right-radius:30px;border-bottom-left-radius:30px;border-bottom-right-radius:30px;padding-top:var(--wp--preset--spacing--50);padding-right:var(--wp--preset--spacing--50);padding-bottom:var(--wp--preset--spacing--50);padding-left:var(--wp--preset--spacing--50)\">\n<div class=\"wp-block-group is-content-justification-space-between is-nowrap is-layout-flex wp-container-core-group-is-layout-ed947458 wp-block-group-is-layout-flex\" style=\"margin-top:0;margin-bottom:0;padding-top:0;padding-right:0;padding-bottom:0;padding-left:0\">\n<span class=\"gsbp-6bfe325\">&#127968;<\/span>\n\n\n\n<p class=\"has-muted-25-opacity-color has-text-color has-playfair-display-font-family has-huge-font-size\" style=\"margin-top:0;margin-bottom:0;padding-top:0;padding-bottom:0;font-style:normal;font-weight:900;line-height:1\">01<\/p>\n<\/div>\n\n\n\n<h4 class=\"wp-block-heading\" id=\"first-item-8\"><a href=\"https:\/\/undeterred.eu\/the-challenge\/the-four-cities\/\" data-type=\"page\" data-id=\"1318\" target=\"_blank\" rel=\"noreferrer noopener\">Cele Patru Ora\u0219e<\/a><\/h4>\n\n\n\n<p>Bordeaux, Barcelona, Bucure\u0219ti, Lausanne \u2014 patru ora\u0219e, patru realit\u0103\u021bi, o provocare comun\u0103.<\/p>\n\n\n\n<p class=\"tw-link-no-underline has-link-color has-x-small-font-size wp-elements-0ae7f0e9dee97357747734a4e3d34bd6\" style=\"font-style:normal;font-weight:600;letter-spacing:0.1em;text-decoration:none\"><a href=\"https:\/\/undeterred.eu\/the-challenge\/the-four-cities\/\" data-type=\"page\" data-id=\"1318\">Exploreaz\u0103 \u2192<\/a><a href=\"#\"><\/a><\/p>\n<\/div>\n\n\n\n<div class=\"wp-block-column has-border-color has-ti-bg-background-color has-background is-layout-flow wp-container-core-column-is-layout-dd24f509 wp-block-column-is-layout-flow\" style=\"border-color:rgba(13, 33, 64, 0.08);border-width:1px;border-top-left-radius:30px;border-top-right-radius:30px;border-bottom-left-radius:30px;border-bottom-right-radius:30px;padding-top:var(--wp--preset--spacing--50);padding-right:var(--wp--preset--spacing--50);padding-bottom:var(--wp--preset--spacing--50);padding-left:var(--wp--preset--spacing--50)\">\n<div class=\"wp-block-group is-content-justification-space-between is-nowrap is-layout-flex wp-container-core-group-is-layout-ed947458 wp-block-group-is-layout-flex\" style=\"margin-top:0;margin-bottom:0;padding-top:0;padding-right:0;padding-bottom:0;padding-left:0\">\n<span class=\"gsbp-08069ee\">&#127973;<\/span>\n\n\n\n<p class=\"has-muted-25-opacity-color has-text-color has-playfair-display-font-family has-huge-font-size\" style=\"margin-top:0;margin-bottom:0;padding-top:0;padding-bottom:0;font-style:normal;font-weight:900;line-height:1\">02<\/p>\n<\/div>\n\n\n\n<h4 class=\"wp-block-heading\" id=\"first-item-8\"><a href=\"https:\/\/undeterred.eu\/the-challenge\/four-key-fields\/\" data-type=\"page\" data-id=\"1314\" target=\"_blank\" rel=\"noreferrer noopener\">Patru domenii cheie<\/a><\/h4>\n\n\n\n<p>Locuin\u021be, angajare, s\u0103n\u0103tate, educa\u021bie \u2014 descoperi\u021bi unde barierele invizibile au cel mai puternic impact.<\/p>\n\n\n\n<p class=\"tw-link-no-underline has-link-color has-x-small-font-size wp-elements-3ccc58eb9634653b4788226485dfac65\" style=\"font-style:normal;font-weight:600;letter-spacing:0.1em;text-decoration:none\"><a href=\"https:\/\/undeterred.eu\/the-challenge\/four-key-fields\/\" data-type=\"page\" data-id=\"1314\">Exploreaz\u0103 \u2192<\/a><a href=\"#\"><\/a><\/p>\n<\/div>\n\n\n\n<div class=\"wp-block-column has-border-color has-ti-bg-background-color has-background is-layout-flow wp-container-core-column-is-layout-dd24f509 wp-block-column-is-layout-flow\" style=\"border-color:rgba(13, 33, 64, 0.08);border-width:1px;border-top-left-radius:30px;border-top-right-radius:30px;border-bottom-left-radius:30px;border-bottom-right-radius:30px;padding-top:var(--wp--preset--spacing--50);padding-right:var(--wp--preset--spacing--50);padding-bottom:var(--wp--preset--spacing--50);padding-left:var(--wp--preset--spacing--50)\">\n<div class=\"wp-block-group is-content-justification-space-between is-nowrap is-layout-flex wp-container-core-group-is-layout-ed947458 wp-block-group-is-layout-flex\" style=\"margin-top:0;margin-bottom:0;padding-top:0;padding-right:0;padding-bottom:0;padding-left:0\">\n<span class=\"gsbp-2697016\">&#128188;<\/span>\n\n\n\n<p class=\"has-muted-25-opacity-color has-text-color has-playfair-display-font-family has-huge-font-size\" style=\"margin-top:0;margin-bottom:0;padding-top:0;padding-bottom:0;font-style:normal;font-weight:900;line-height:1\">03<\/p>\n<\/div>\n\n\n\n<h4 class=\"wp-block-heading\" id=\"first-item-8\"><a href=\"https:\/\/undeterred.eu\/the-challenge\/young-adults-18-35\/\" data-type=\"page\" data-id=\"1316\" target=\"_blank\" rel=\"noreferrer noopener\">Tineri adul\u021bi 18\u201335 de ani<\/a><\/h4>\n\n\n\n<p>Cunoa\u0219te persoanele aflate \u00een centrul cercet\u0103rii noastre \u2014 \u0219i \u00een\u021belege de ce acest deceniu al vie\u021bii schimb\u0103 totul.<\/p>\n\n\n\n<p class=\"tw-link-no-underline has-link-color has-x-small-font-size wp-elements-e64baa848354c74f59a90ee1fecd753b\" style=\"font-style:normal;font-weight:600;letter-spacing:0.1em;text-decoration:none\"><a href=\"https:\/\/undeterred.eu\/the-challenge\/young-adults-18-35\/\" data-type=\"page\" data-id=\"1316\">Exploreaz\u0103 \u2192<\/a><a href=\"#\"><\/a><\/p>\n<\/div>\n<\/div>\n","protected":false},"excerpt":{"rendered":"<p>\u00cen fiecare zi, \u00een ora\u0219ele din Europa, tinerii se confrunt\u0103 cu bariere pe care nu le-au creat &#8211; \u0219i pe care nimeni, oficial, nu a avut inten\u021bia s\u0103 le construiasc\u0103. Acestea nu sunt zidurile ostilit\u0103\u021bii deschise. Sunt zidurile procedurilor, obiceiurilor, regulilor nechestionate. Sunt zidurile discrimin\u0103rii sistematice, neinten\u021bionate. Ce este discriminarea neinten\u021bionat\u0103? Discriminarea nu este \u00eentotdeauna [&hellip;]<\/p>\n","protected":false},"author":1,"featured_media":0,"parent":0,"menu_order":0,"comment_status":"closed","ping_status":"closed","template":"","meta":{"_acf_changed":false,"_gspb_post_css":"","footnotes":""},"class_list":["post-1312","page","type-page","status-publish","hentry"],"acf":[],"mb":[],"mfb_rest_fields":["title"],"_links":{"self":[{"href":"https:\/\/undeterred.eu\/ro\/wp-json\/wp\/v2\/pages\/1312","targetHints":{"allow":["GET"]}}],"collection":[{"href":"https:\/\/undeterred.eu\/ro\/wp-json\/wp\/v2\/pages"}],"about":[{"href":"https:\/\/undeterred.eu\/ro\/wp-json\/wp\/v2\/types\/page"}],"author":[{"embeddable":true,"href":"https:\/\/undeterred.eu\/ro\/wp-json\/wp\/v2\/users\/1"}],"replies":[{"embeddable":true,"href":"https:\/\/undeterred.eu\/ro\/wp-json\/wp\/v2\/comments?post=1312"}],"version-history":[{"count":37,"href":"https:\/\/undeterred.eu\/ro\/wp-json\/wp\/v2\/pages\/1312\/revisions"}],"predecessor-version":[{"id":2372,"href":"https:\/\/undeterred.eu\/ro\/wp-json\/wp\/v2\/pages\/1312\/revisions\/2372"}],"wp:attachment":[{"href":"https:\/\/undeterred.eu\/ro\/wp-json\/wp\/v2\/media?parent=1312"}],"curies":[{"name":"wp","href":"https:\/\/api.w.org\/{rel}","templated":true}]}}