{"id":439,"date":"2026-03-02T11:44:54","date_gmt":"2026-03-02T11:44:54","guid":{"rendered":"https:\/\/undeterred.eu\/?page_id=439"},"modified":"2026-04-21T15:22:58","modified_gmt":"2026-04-21T15:22:58","slug":"our-approach","status":"publish","type":"page","link":"https:\/\/undeterred.eu\/ro\/our-approach\/","title":{"rendered":"Abordarea Noastr\u0103"},"content":{"rendered":"\n<p>NEDETERAT nu este conceput pentru a descrie discriminarea &#8211; este destinat s\u0103 o demoleze. Aceasta \u00eenseamn\u0103 combinarea unui studiu de teren riguros cu experimentarea \u00een lumea real\u0103 \u0219i colaborarea cu institu\u021biile care modeleaz\u0103 via\u021ba de zi cu zi a oamenilor.<\/p>\n\n\n\n<hr class=\"wp-block-separator has-alpha-channel-opacity\"\/>\n\n\n\n<h2 class=\"wp-block-heading\" id=\"four-phases-one-logic\">Patru faze, o logic\u0103<\/h2>\n\n\n\n<p><strong>Sondaj \u2192 Cunoa\u0219tere \u2192 Experiment \u2192 Diseminare<\/strong><br><br>Proiectul urmeaz\u0103 un ciclu continuu de cercetare-ac\u021biune:<\/p>\n\n\n\n<ul class=\"wp-block-list\">\n<li><strong>Sondaj<\/strong>\u2014 Sondaje cantitative la scar\u0103 larg\u0103 \u0219i interviuri calitative cu adul\u021bi tineri, angajatori, servicii publice \u0219i asocia\u021bii din patru ora\u0219e<\/li>\n\n\n\n<li><strong>The translation of the word &#8222;Knowledge&#8221; from English to Romanian is &#8222;Cunoa\u0219tere&#8221;.<\/strong>\u2014 O tipologie comun\u0103 a proceselor de discriminare neinten\u021bionat\u0103, construit\u0103 comparativ \u00eentre Bordeaux, Barcelona, Bucure\u0219ti \u0219i Lausanne<\/li>\n\n\n\n<li><strong>Experiment<\/strong>\u2014 Pilo\u021bi proiecta\u021bi \u00een colaborare, testa\u021bi \u00een institu\u021bii reale, nu \u00een laboratoare<\/li>\n\n\n\n<li><strong>R\u0103sp\u00e2ndi\u021bi<\/strong>\u2014 Instrumente politice, resurse de instruire \u0219i publica\u021bii care ajung la persoanele care le pot folosi.<\/li>\n<\/ul>\n\n\n\n<hr class=\"wp-block-separator has-alpha-channel-opacity\"\/>\n\n\n\n<h2 class=\"wp-block-heading\" id=\"three-things-that-set-us-apart\">Trei lucruri care ne diferen\u021biaz\u0103<\/h2>\n\n\n\n<p><strong>Metode mixte la scar\u0103 larg\u0103<\/strong><br>Mii de responden\u021bi la sondaje. Sute de interviuri am\u0103nun\u021bite. Grupuri de discu\u021bie \u00een patru ora\u0219e. Combina\u021bia documenteaz\u0103 at\u00e2t amploarea, c\u00e2t \u0219i textura discrimin\u0103rii sistemice.<\/p>\n\n\n\n<p><strong>Un cadru comparativ autentic<\/strong><br>Acelea\u0219i unelte, acelea\u0219i \u00eentreb\u0103ri, patru ora\u0219e diferite \u2014 f\u0103c\u00e2nd posibil\u0103 observarea tiparului structural dincolo de varia\u021biile locale.<\/p>\n\n\n\n<p><strong>Parteneri ca \u0219i co-proiectan\u021bi<\/strong><br>Bordeaux M\u00e9tropole, CCI Bordeaux Gironde \u0219i URHAJ Nouvelle-Aquitaine nu sunt destinatarii rezultatelor noastre. Acestea contribuie la formularea \u00eentreb\u0103rilor, contest\u0103 rezultatele \u0219i colaboreaz\u0103 la proiectarea solu\u021biilor.<\/p>\n","protected":false},"excerpt":{"rendered":"<p>NEDETERAT nu este conceput pentru a descrie discriminarea &#8211; este destinat s\u0103 o demoleze. Aceasta \u00eenseamn\u0103 combinarea unui studiu de teren riguros cu experimentarea \u00een lumea real\u0103 \u0219i colaborarea cu institu\u021biile care modeleaz\u0103 via\u021ba de zi cu zi a oamenilor. Patru faze, o logic\u0103 Sondaj \u2192 Cunoa\u0219tere \u2192 Experiment \u2192 Diseminare Proiectul urmeaz\u0103 un ciclu [&hellip;]<\/p>\n","protected":false},"author":1,"featured_media":0,"parent":0,"menu_order":0,"comment_status":"closed","ping_status":"closed","template":"","meta":{"_acf_changed":false,"_gspb_post_css":"","footnotes":""},"class_list":["post-439","page","type-page","status-publish","hentry"],"acf":[],"mb":[],"mfb_rest_fields":["title"],"_links":{"self":[{"href":"https:\/\/undeterred.eu\/ro\/wp-json\/wp\/v2\/pages\/439","targetHints":{"allow":["GET"]}}],"collection":[{"href":"https:\/\/undeterred.eu\/ro\/wp-json\/wp\/v2\/pages"}],"about":[{"href":"https:\/\/undeterred.eu\/ro\/wp-json\/wp\/v2\/types\/page"}],"author":[{"embeddable":true,"href":"https:\/\/undeterred.eu\/ro\/wp-json\/wp\/v2\/users\/1"}],"replies":[{"embeddable":true,"href":"https:\/\/undeterred.eu\/ro\/wp-json\/wp\/v2\/comments?post=439"}],"version-history":[{"count":13,"href":"https:\/\/undeterred.eu\/ro\/wp-json\/wp\/v2\/pages\/439\/revisions"}],"predecessor-version":[{"id":2366,"href":"https:\/\/undeterred.eu\/ro\/wp-json\/wp\/v2\/pages\/439\/revisions\/2366"}],"wp:attachment":[{"href":"https:\/\/undeterred.eu\/ro\/wp-json\/wp\/v2\/media?parent=439"}],"curies":[{"name":"wp","href":"https:\/\/api.w.org\/{rel}","templated":true}]}}